{"id":10452,"date":"2024-03-06T15:53:11","date_gmt":"2024-03-06T14:53:11","guid":{"rendered":"https:\/\/agdatahub.withmu.fr\/?page_id=10452"},"modified":"2026-01-07T20:22:33","modified_gmt":"2026-01-07T19:22:33","slug":"mentions-legales","status":"publish","type":"page","link":"https:\/\/agdatahub.eu\/en\/mentions-legales\/","title":{"rendered":"Legal information"},"content":{"rendered":"<div data-elementor-type=\"wp-page\" data-elementor-id=\"10452\" class=\"elementor elementor-10452\" data-elementor-post-type=\"page\">\n\t\t\t\t<div class=\"elementor-element elementor-element-be78ab7 e-flex e-con-boxed e-con e-parent\" data-id=\"be78ab7\" data-element_type=\"container\">\n\t\t\t\t\t<div class=\"e-con-inner\">\n\t\t\t\t<div class=\"elementor-element elementor-element-7af772b elementor-widget elementor-widget-heading\" data-id=\"7af772b\" data-element_type=\"widget\" data-widget_type=\"heading.default\">\n\t\t\t\t<div class=\"elementor-widget-container\">\n\t\t\t\t\t<h1 class=\"elementor-heading-title elementor-size-default\">Legal information<\/h1>\t\t\t\t<\/div>\n\t\t\t\t<\/div>\n\t\t\t\t<div class=\"elementor-element elementor-element-cc8dbe3 elementor-widget elementor-widget-text-editor\" data-id=\"cc8dbe3\" data-element_type=\"widget\" data-widget_type=\"text-editor.default\">\n\t\t\t\t<div class=\"elementor-widget-container\">\n\t\t\t\t\t\t\t\t\t<p class=\"translation-block\">In accordance with the provisions of article 6 of French law no. 2004-575 of June 21, 2004 on confidence in the digital economy, users of the https:\/\/agdatahub.eu website are advised that:<\/p><ul><li><p>The website https:\/\/agdatahub.eu is published by the company netframe.co, a simplified joint stock company with capital of\u00a0<span dir=\"ltr\">100 100 euros<\/span>, immatricul\u00e9e au RCS de PARIS sous le num\u00e9ro 840294300 et dont le si\u00e8ge social est situ\u00e9 10 rue du chemin de fer 59100 Roubaix.<\/p><\/li><li>The intra-community VAT number of the company netframe.co is FR61 840 294 300<\/li><li>The AGDATAHUB company can be contacted at the following coordinates: tel +33 6 16 13 20 41 and e-mail: <a href=\"mailto:contact@netframe.co\">contact@netframe.co<\/a><\/li><li>The Director of Publication is Mr. Valentin PRZYLUSKI.<\/li><li>The site https:\/\/agdatahub.eu is hosted by OVH SAS \u2013 2 rue Kellerman, 59100 Roubaix, France<\/li><li>Some services on the https:\/\/agdatahub.eu website are also hosted and operated by service providers. Please refer to the specific conditions of each service.\u00a0<\/li><\/ul>\t\t\t\t\t\t\t\t<\/div>\n\t\t\t\t<\/div>\n\t\t\t\t<div class=\"elementor-element elementor-element-5a501be elementor-widget elementor-widget-heading\" data-id=\"5a501be\" data-element_type=\"widget\" data-widget_type=\"heading.default\">\n\t\t\t\t<div class=\"elementor-widget-container\">\n\t\t\t\t\t<h2 class=\"elementor-heading-title elementor-size-default\">AGDATAHUB Platform Terms and Conditions<\/h2>\t\t\t\t<\/div>\n\t\t\t\t<\/div>\n\t\t\t\t<div class=\"elementor-element elementor-element-d4d75a3 elementor-widget elementor-widget-text-editor\" data-id=\"d4d75a3\" data-element_type=\"widget\" data-widget_type=\"text-editor.default\">\n\t\t\t\t<div class=\"elementor-widget-container\">\n\t\t\t\t\t\t\t\t\t<p>Consult the General Terms and Conditions of the Agdatahub platform (in French), published on January 1, 2023.<\/p>\t\t\t\t\t\t\t\t<\/div>\n\t\t\t\t<\/div>\n\t\t\t\t<div class=\"elementor-element elementor-element-60df488 elementor-widget elementor-widget-button\" data-id=\"60df488\" data-element_type=\"widget\" data-widget_type=\"button.default\">\n\t\t\t\t<div class=\"elementor-widget-container\">\n\t\t\t\t\t\t\t\t\t<div class=\"elementor-button-wrapper\">\n\t\t\t\t\t<a class=\"elementor-button elementor-button-link elementor-size-sm\" href=\"https:\/\/agdatahub.eu\/wp-content\/uploads\/2025\/03\/AGDATAHUB-Conditions-Generales-2025-03-VF.pdf\" target=\"_blank\">\n\t\t\t\t\t\t<span class=\"elementor-button-content-wrapper\">\n\t\t\t\t\t\t<span class=\"elementor-button-icon\">\n\t\t\t\t<i aria-hidden=\"true\" class=\"far fa-file\"><\/i>\t\t\t<\/span>\n\t\t\t\t\t\t\t\t\t<span class=\"elementor-button-text\">Download the PDF<\/span>\n\t\t\t\t\t<\/span>\n\t\t\t\t\t<\/a>\n\t\t\t\t<\/div>\n\t\t\t\t\t\t\t\t<\/div>\n\t\t\t\t<\/div>\n\t\t\t\t<div class=\"elementor-element elementor-element-22c79ca elementor-widget elementor-widget-heading\" data-id=\"22c79ca\" data-element_type=\"widget\" data-widget_type=\"heading.default\">\n\t\t\t\t<div class=\"elementor-widget-container\">\n\t\t\t\t\t<h3 class=\"elementor-heading-title elementor-size-default\">Pr\u00e9sentation des services et description du support<\/h3>\t\t\t\t<\/div>\n\t\t\t\t<\/div>\n\t\t\t\t<div class=\"elementor-element elementor-element-bb866d1 elementor-widget elementor-widget-text-editor\" data-id=\"bb866d1\" data-element_type=\"widget\" data-widget_type=\"text-editor.default\">\n\t\t\t\t<div class=\"elementor-widget-container\">\n\t\t\t\t\t\t\t\t\t<p>See API-Agro services, by formula, as of January 1, 2023.<\/p>\t\t\t\t\t\t\t\t<\/div>\n\t\t\t\t<\/div>\n\t\t\t\t<div class=\"elementor-element elementor-element-c545d5d elementor-widget elementor-widget-button\" data-id=\"c545d5d\" data-element_type=\"widget\" data-widget_type=\"button.default\">\n\t\t\t\t<div class=\"elementor-widget-container\">\n\t\t\t\t\t\t\t\t\t<div class=\"elementor-button-wrapper\">\n\t\t\t\t\t<a class=\"elementor-button elementor-button-link elementor-size-sm\" href=\"\/wp-content\/uploads\/2024\/03\/Annexe-1.1-Presentation-des-Services-du-Produit-API-AGRO-par-formules-2023-01.pdf\" target=\"_blank\">\n\t\t\t\t\t\t<span class=\"elementor-button-content-wrapper\">\n\t\t\t\t\t\t<span class=\"elementor-button-icon\">\n\t\t\t\t<i aria-hidden=\"true\" class=\"far fa-file\"><\/i>\t\t\t<\/span>\n\t\t\t\t\t\t\t\t\t<span class=\"elementor-button-text\">Download the PDF<\/span>\n\t\t\t\t\t<\/span>\n\t\t\t\t\t<\/a>\n\t\t\t\t<\/div>\n\t\t\t\t\t\t\t\t<\/div>\n\t\t\t\t<\/div>\n\t\t\t\t<div class=\"elementor-element elementor-element-602421f elementor-widget elementor-widget-text-editor\" data-id=\"602421f\" data-element_type=\"widget\" data-widget_type=\"text-editor.default\">\n\t\t\t\t<div class=\"elementor-widget-container\">\n\t\t\t\t\t\t\t\t\t<p>See Agritrust's services, by formula, as of January 1, 2023.<\/p>\t\t\t\t\t\t\t\t<\/div>\n\t\t\t\t<\/div>\n\t\t\t\t<div class=\"elementor-element elementor-element-9488fde elementor-widget elementor-widget-button\" data-id=\"9488fde\" data-element_type=\"widget\" data-widget_type=\"button.default\">\n\t\t\t\t<div class=\"elementor-widget-container\">\n\t\t\t\t\t\t\t\t\t<div class=\"elementor-button-wrapper\">\n\t\t\t\t\t<a class=\"elementor-button elementor-button-link elementor-size-sm\" href=\"\/wp-content\/uploads\/2024\/03\/Annexe-1.2-Presentation-des-Services-du-Produit-AGRITRUST-par-formules-2023-01.pdf\" target=\"_blank\">\n\t\t\t\t\t\t<span class=\"elementor-button-content-wrapper\">\n\t\t\t\t\t\t<span class=\"elementor-button-icon\">\n\t\t\t\t<i aria-hidden=\"true\" class=\"far fa-file\"><\/i>\t\t\t<\/span>\n\t\t\t\t\t\t\t\t\t<span class=\"elementor-button-text\">Download the PDF<\/span>\n\t\t\t\t\t<\/span>\n\t\t\t\t\t<\/a>\n\t\t\t\t<\/div>\n\t\t\t\t\t\t\t\t<\/div>\n\t\t\t\t<\/div>\n\t\t\t\t<div class=\"elementor-element elementor-element-161032e elementor-widget elementor-widget-text-editor\" data-id=\"161032e\" data-element_type=\"widget\" data-widget_type=\"text-editor.default\">\n\t\t\t\t<div class=\"elementor-widget-container\">\n\t\t\t\t\t\t\t\t\t<p>Read the description of API-Agro and Agritrust support, as of January 1, 2023.<\/p>\t\t\t\t\t\t\t\t<\/div>\n\t\t\t\t<\/div>\n\t\t\t\t<div class=\"elementor-element elementor-element-3b92a3a elementor-widget elementor-widget-button\" data-id=\"3b92a3a\" data-element_type=\"widget\" data-widget_type=\"button.default\">\n\t\t\t\t<div class=\"elementor-widget-container\">\n\t\t\t\t\t\t\t\t\t<div class=\"elementor-button-wrapper\">\n\t\t\t\t\t<a class=\"elementor-button elementor-button-link elementor-size-sm\" href=\"https:\/\/agdatahub.eu\/wp-content\/uploads\/2025\/03\/Annexe-1.3-Description-du-Support-des-Produits-Agritrust-et-API-AGRO-2025-03.pdf\" target=\"_blank\">\n\t\t\t\t\t\t<span class=\"elementor-button-content-wrapper\">\n\t\t\t\t\t\t<span class=\"elementor-button-icon\">\n\t\t\t\t<i aria-hidden=\"true\" class=\"far fa-file\"><\/i>\t\t\t<\/span>\n\t\t\t\t\t\t\t\t\t<span class=\"elementor-button-text\">Download the PDF<\/span>\n\t\t\t\t\t<\/span>\n\t\t\t\t\t<\/a>\n\t\t\t\t<\/div>\n\t\t\t\t\t\t\t\t<\/div>\n\t\t\t\t<\/div>\n\t\t\t\t\t<\/div>\n\t\t\t\t<\/div>\n\t\t\t\t<\/div>","protected":false},"excerpt":{"rendered":"<p>Mentions L\u00e9gales Conform\u00e9ment aux dispositions de l\u2019article 6 de la loi n\u00b02004-575 du 21 juin 2004 pour la confiance dans l\u2019\u00e9conomie num\u00e9rique,il est pr\u00e9cis\u00e9 aux utilisateurs du site Internet https:\/\/agdatahub.eu que : Le site Internet https:\/\/agdatahub.eu est \u00e9dit\u00e9 par la soci\u00e9t\u00e9 netframe.co, soci\u00e9t\u00e9 par actions simplifi\u00e9e au capital de\u00a0100 100 euros, immatricul\u00e9e au RCS de [&hellip;]<\/p>","protected":false},"author":1,"featured_media":0,"parent":0,"menu_order":0,"comment_status":"closed","ping_status":"closed","template":"elementor_header_footer","meta":{"footnotes":""},"categories":[],"tags":[],"class_list":["post-10452","page","type-page","status-publish","hentry"],"_links":{"self":[{"href":"https:\/\/agdatahub.eu\/en\/wp-json\/wp\/v2\/pages\/10452","targetHints":{"allow":["GET"]}}],"collection":[{"href":"https:\/\/agdatahub.eu\/en\/wp-json\/wp\/v2\/pages"}],"about":[{"href":"https:\/\/agdatahub.eu\/en\/wp-json\/wp\/v2\/types\/page"}],"author":[{"embeddable":true,"href":"https:\/\/agdatahub.eu\/en\/wp-json\/wp\/v2\/users\/1"}],"replies":[{"embeddable":true,"href":"https:\/\/agdatahub.eu\/en\/wp-json\/wp\/v2\/comments?post=10452"}],"version-history":[{"count":9,"href":"https:\/\/agdatahub.eu\/en\/wp-json\/wp\/v2\/pages\/10452\/revisions"}],"predecessor-version":[{"id":11756,"href":"https:\/\/agdatahub.eu\/en\/wp-json\/wp\/v2\/pages\/10452\/revisions\/11756"}],"wp:attachment":[{"href":"https:\/\/agdatahub.eu\/en\/wp-json\/wp\/v2\/media?parent=10452"}],"wp:term":[{"taxonomy":"category","embeddable":true,"href":"https:\/\/agdatahub.eu\/en\/wp-json\/wp\/v2\/categories?post=10452"},{"taxonomy":"post_tag","embeddable":true,"href":"https:\/\/agdatahub.eu\/en\/wp-json\/wp\/v2\/tags?post=10452"}],"curies":[{"name":"wp","href":"https:\/\/api.w.org\/{rel}","templated":true}]}}